{"id":546,"date":"2024-01-26T15:51:46","date_gmt":"2024-01-26T14:51:46","guid":{"rendered":"https:\/\/www.cantal-evasion.fr\/index.php\/wpbc-booking\/"},"modified":"2024-10-27T18:20:12","modified_gmt":"2024-10-27T17:20:12","slug":"wpbc-booking","status":"publish","type":"page","link":"https:\/\/www.cantal-evasion.fr\/index.php\/wpbc-booking\/","title":{"rendered":"Formulaire de r\u00e9servation"},"content":{"rendered":" <div id=\"form_id387212381748\"  class=\"wpbc_container wpbc_container_booking_form  wpdevelop \" ><form  id=\"booking_form1\"   class=\"booking_form vertical\" method=\"post\" action=\"\"><div id=\"ajax_respond_insert1\" class=\"ajax_respond_insert\" style=\"display:none;\"><\/div><a name=\"bklnk1\" id=\"bklnk1\"><\/a><div id=\"booking_form_div1\" class=\"booking_form_div\"><div class=\"wpbc_booking_form_structure wpbc_vertical\">\r\n  <div class=\"wpbc_structure_calendar\">\r\n    <div class=\"wpbc_calendar_wraper wpbc_change_over_triangle\"><div class=\"bk_calendar_frame wpbc_no_custom_width  months_num_in_row_ cal_month_num_1\" style=\"\"><div id=\"calendar_booking1\">Chargement du calendrier...<\/div><\/div><textarea id=\"date_booking1\" name=\"date_booking1\" autocomplete=\"off\" style=\"display:none;\"><\/textarea><div class=\"block_hints datepick \"><div class=\"wpdev_hint_with_text\"><div class=\"block_free datepick-days-cell\"><a>&nbsp;<\/a><\/div><div class=\"block_text\">- <\/div><div class=\"block_text\">Disponible<\/div><\/div><div class=\"wpdev_hint_with_text\"><div class=\"block_booked date_approved\">&nbsp;<\/div><div class=\"block_text\">- <\/div><div class=\"block_text\">R\u00e9serv\u00e9<\/div><\/div><\/div><\/div>\r\n  <\/div>\r\n  <div class=\"wpbc_structure_form\">\r\n     <p>Nom et Pr\u00e9nom*:<br \/><span class=\"wpbc_wrap_text wpdev-form-control-wrap name1\"><input type=\"text\" name=\"name1\" value=\"\" autocomplete=\"name\" class=\"wpdev-validates-as-required\" size=\"40\" \/><\/span><\/p>\r\n     <p>Email*:<br \/><span class=\"wpbc_wrap_text wpdev-form-control-wrap email1\"><input type=\"text\" name=\"email1\" value=\"\" autocomplete=\"email\" class=\"wpdev-validates-as-email wpdev-validates-as-required\" size=\"40\" \/><\/span><\/p>\r\n     <p>T\u00e9l\u00e9phone*:<br \/><span class=\"wpbc_wrap_text wpdev-form-control-wrap phone1\"><input type=\"text\" name=\"phone1\" value=\"\" autocomplete=\"phone\" class=\"wpdev-validates-as-required\" size=\"40\" \/><\/span><\/p>\r\n      Forfait M\u00e9nage 20\u20ac : <span class=\"wpbc_wrap_checkbox wpdev-form-control-wrap MENAGE1\"><span autocomplete=\"MENAGE\" class=\"wpdev-validates-as-required wpdev-checkbox\"><span class=\"wpdev-list-item\"><input  autocomplete=\"MENAGE\" class=\"wpdev-validates-as-required wpdev-checkbox\" onchange=\"javascript:if(typeof( showCostHintInsideBkForm ) == 'function') {  showCostHintInsideBkForm(1);}\"  type=\"checkbox\"  name=\"MENAGE1[]\"  value=\"\" checked=\"checked\" \/>&nbsp;<span class=\"wpdev-list-item-label\"><\/span><\/span><\/span><\/span> <p>\r\n\t  Animal de compagnie \u00e0 ajouter \u00e0 votre s\u00e9jour 20\u20ac <span class=\"wpbc_wrap_checkbox wpdev-form-control-wrap Animal1\"><span autocomplete=\"Animal\" class=\"wpdev-checkbox\"><span class=\"wpdev-list-item\"><input  autocomplete=\"Animal\" class=\"wpdev-checkbox\" onchange=\"javascript:if(typeof( showCostHintInsideBkForm ) == 'function') {  showCostHintInsideBkForm(1);}\"  type=\"checkbox\"  name=\"Animal1[]\"  value=\"\" \/>&nbsp;<span class=\"wpdev-list-item-label\"><\/span><\/span><\/span><\/span>\r\n\t  <p>\r\n\t\t\r\n\t  <\/p> <span class=\"wpbc_wrap_checkbox wpdev-form-control-wrap Conditions1\"><span autocomplete=\"Conditions\" class=\"wpdev-validates-as-required wpdev-checkbox\"><span class=\"wpdev-list-item\"><input  autocomplete=\"Conditions\" class=\"wpdev-validates-as-required wpdev-checkbox\" onchange=\"javascript:if(typeof( showCostHintInsideBkForm ) == 'function') {  showCostHintInsideBkForm(1);}\"  type=\"checkbox\"  name=\"Conditions1[]\"  value=\"Acceptez \" \/>&nbsp;<span class=\"wpdev-list-item-label\">Acceptez <\/span><\/span><\/span><\/span> <a href=\"https:\/\/www.cantal-evasion.fr\/index.php\/remboursements_retours\/\"> conditions g\u00e9n\u00e9rales<\/a>\r\n\t        <p>\r\n\t Tarif de votre s\u00e9jour : <span id=\"booking_hint1\"><span class=\"wpbc-cost-amount\">0.00<span class=\"wpbc-currency-symbol\">&euro;<\/span><\/span><\/span><input id=\"cost_hint1\" name=\"cost_hint1\" value=\"0.00\" style=\"display:none;\" type=\"text\" \/> <p>\r\n     <p>Details:<br \/><span class=\"wpbc_wrap_textarea wpdev-form-control-wrap details1\"><textarea name=\"details1\" autocomplete=\"details\"><\/textarea><\/span><\/p>\r\n     <p><span class=\"wpbc_text_captcha_container\"><input  autocomplete=\"off\" type=\"hidden\" name=\"wpdev_captcha_challenge_1\"  id=\"wpdev_captcha_challenge_1\" value=\"1421971972\" \/><input  autocomplete=\"off\" type=\"text\" class=\"captachinput\" value=\"\" name=\"captcha_input1\" id=\"captcha_input1\" \/><img decoding=\"async\" class=\"captcha_img\"  id=\"captcha_img1\" alt=\"captcha\" src=\"https:\/\/www.cantal-evasion.fr\/wp-content\/plugins\/booking.bm.9.9\/js\/captcha\/tmp\/1421971972.png\" \/><\/span><\/p>\r\n     <p><input type=\"button\" value=\"Faire ma demande de r\u00e9servation\" class=\"wpbc_button_light btn\" onclick=\"mybooking_submit(this.form,1, 'fr_FR' );\" \/><img decoding=\"async\" class=\"ajax-loader\"  style=\"vertical-align:middle;box-shadow:none;width:14px;visibility: hidden;\" alt=\"ajax loader\" src=\"https:\/\/www.cantal-evasion.fr\/wp-content\/plugins\/booking.bm.9.9\/assets\/img\/ajax-loader.gif\" \/><\/p>\r\n  <\/div>\r\n<\/div>\r\n<div class=\"wpbc_booking_form_footer\"><\/div><script type='text\/javascript'>jQuery(document).ready( function(){    moveOptionalElementsToGarbage( 1 ); });<\/script><script type='text\/javascript'> jQuery(document).ready( function(){   _wpbc.seasons__set( 1, [] );  }); <\/script><input id=\"bk_type1\" name=\"bk_type1\" class=\"\" type=\"hidden\" value=\"1\" \/><\/div><div id=\"submiting1\"><\/div><div class=\"form_bk_messages\" id=\"form_bk_messages1\" ><\/div><input type=\"hidden\" id=\"wpbc_nonceCALCULATE_THE_COST1\" name=\"wpbc_nonceCALCULATE_THE_COST1\" value=\"cf77b8268d\" \/><input type=\"hidden\" name=\"_wp_http_referer\" value=\"\/index.php\/wp-json\/wp\/v2\/pages\/546\" \/><\/form><\/div><div id=\"booking_form_garbage1\" class=\"booking_form_garbage\"><\/div><script type=\"text\/javascript\">\n                                jQuery(document).ready( function(){\n                                    jQuery(\".widget_wpdev_booking .booking_form.form-horizontal\").removeClass(\"form-horizontal\");\n                                    var visible_booking_id_on_page_num = visible_booking_id_on_page.length;\n                                    if (visible_booking_id_on_page_num !== null ) {\n                                        for (var i=0;i< visible_booking_id_on_page_num ;i++){\n                                          if ( visible_booking_id_on_page[i]==\"booking_form_div1\" ) {\n                                              document.getElementById(\"form_id387212381748\").innerHTML = \"<span style='color:#A00;font-size:10px;'>Attention! Le calendrier des r\u00e9servations pour ce type de ressources est d\u00e9j\u00e0 sur la page, veuillez v\u00e9rifier toute question \u00e0 ce sujet sur cette page: https:\/\/wpbookingcalendar.com\/faq\/why-the-booking-calendar-widget-not-show-on-page\/.<\/span>\";                                                                                                  \n                                              jQuery(\"#form_id387212381748\").animate( {opacity: 1}, 10000 ).fadeOut(5000);\n                                              return;\n                                          }\n                                        }\n                                        visible_booking_id_on_page[ visible_booking_id_on_page_num ]=\"booking_form_div1\";\n                                    }\n                                });\n                            <\/script> <script type='text\/javascript'> jQuery(document).ready( function(){  _wpbc.balancer__set_max_threads( 3 );  _wpbc.calendar__set_param_value( 1 , 'calendar_scroll_to' , false );  _wpbc.calendar__set_param_value( 1 , 'booking_max_monthes_in_calendar' , '2y' );  _wpbc.calendar__set_param_value( 1 , 'booking_start_day_weeek' , '1' );  _wpbc.calendar__set_param_value( 1 , 'calendar_number_of_months' , '1' );   _wpbc.calendar__set_param_value( 1, 'days_select_mode', 'multiple' );   _wpbc.calendar__set_param_value( 1, 'fixed__days_num', 3 );   _wpbc.calendar__set_param_value( 1, 'fixed__week_days__start',   [-1] );   _wpbc.calendar__set_param_value( 1, 'dynamic__days_min', 1 );   _wpbc.calendar__set_param_value( 1, 'dynamic__days_max', 30 );   _wpbc.calendar__set_param_value( 1, 'dynamic__days_specific',    [] );   _wpbc.calendar__set_param_value( 1, 'dynamic__week_days__start', [-1] );   _wpbc.calendar__set_param_value( 1, 'booking_date_format', 'd\/m\/Y' );   _wpbc.calendar__set_param_value( 1, 'booking_time_format', 'H:i' );  _wpbc.set_other_param( 'message_dates_times_unavailable', 'These dates and times in this calendar are already booked or unavailable.' );  _wpbc.set_other_param( 'message_choose_alternative_dates', 'Please choose alternative date(s), times, or adjust the number of slots booked.' );  _wpbc.set_other_param( 'message_cannot_save_in_one_resource', 'It is not possible to store this sequence of the dates into the one same resource.' );  _wpbc.calendar__set_param_value( 1 , 'booking_recurrent_time' , 'Off' );   if ( 'function' === typeof ( wpbc__conditions__SAVE_INITIAL__days_selection_params__bm ) ){ wpbc__conditions__SAVE_INITIAL__days_selection_params__bm( 1 ); }   wpbc_calendar_show( '1' );   _wpbc.set_secure_param( 'nonce',   '600241b3ff' );   _wpbc.set_secure_param( 'user_id', '0' );   _wpbc.set_secure_param( 'locale',  'fr_FR' );  wpbc_calendar__load_data__ajx( {\"resource_id\":1,\"booking_hash\":\"\",\"request_uri\":\"\\\/index.php\\\/wp-json\\\/wp\\\/v2\\\/pages\\\/546\",\"custom_form\":\"standard\",\"aggregate_resource_id_str\":\"\",\"aggregate_type\":\"all\"} );  } ); <\/script><div  id=\"gateway_payment_forms  wpdevelop \"><\/div>\n<p><u><b>Tarifs<\/b><\/u><\/p>\n<ul>\n<li>Location 60\u20ac\/nuit<\/li>\n<li>Forfait m\u00e9nage 20\u20ac\/s\u00e9jour<\/li>\n<li>Forfait animal de compagnie 20\u20ac\/s\u00e9jour<\/li>\n<\/ul>\n\n\n<p><\/p>\n","protected":false},"excerpt":{"rendered":"<p>Tarifs Location 60\u20ac\/nuit Forfait m\u00e9nage 20\u20ac\/s\u00e9jour Forfait animal de compagnie 20\u20ac\/s\u00e9jour<\/p>\n","protected":false},"author":1,"featured_media":0,"parent":0,"menu_order":0,"comment_status":"closed","ping_status":"closed","template":"","meta":{"content-type":"","site-sidebar-layout":"default","site-content-layout":"","ast-site-content-layout":"","site-content-style":"default","site-sidebar-style":"default","ast-global-header-display":"","ast-banner-title-visibility":"","ast-main-header-display":"","ast-hfb-above-header-display":"","ast-hfb-below-header-display":"","ast-hfb-mobile-header-display":"","site-post-title":"","ast-breadcrumbs-content":"","ast-featured-img":"","footer-sml-layout":"","theme-transparent-header-meta":"","adv-header-id-meta":"","stick-header-meta":"","header-above-stick-meta":"","header-main-stick-meta":"","header-below-stick-meta":"","astra-migrate-meta-layouts":"default","ast-page-background-enabled":"default","ast-page-background-meta":{"desktop":{"background-color":"var(--ast-global-color-4)","background-image":"","background-repeat":"repeat","background-position":"center center","background-size":"auto","background-attachment":"scroll","background-type":"","background-media":"","overlay-type":"","overlay-color":"","overlay-gradient":""},"tablet":{"background-color":"","background-image":"","background-repeat":"repeat","background-position":"center center","background-size":"auto","background-attachment":"scroll","background-type":"","background-media":"","overlay-type":"","overlay-color":"","overlay-gradient":""},"mobile":{"background-color":"","background-image":"","background-repeat":"repeat","background-position":"center center","background-size":"auto","background-attachment":"scroll","background-type":"","background-media":"","overlay-type":"","overlay-color":"","overlay-gradient":""}},"ast-content-background-meta":{"desktop":{"background-color":"var(--ast-global-color-5)","background-image":"","background-repeat":"repeat","background-position":"center center","background-size":"auto","background-attachment":"scroll","background-type":"","background-media":"","overlay-type":"","overlay-color":"","overlay-gradient":""},"tablet":{"background-color":"var(--ast-global-color-5)","background-image":"","background-repeat":"repeat","background-position":"center center","background-size":"auto","background-attachment":"scroll","background-type":"","background-media":"","overlay-type":"","overlay-color":"","overlay-gradient":""},"mobile":{"background-color":"var(--ast-global-color-5)","background-image":"","background-repeat":"repeat","background-position":"center center","background-size":"auto","background-attachment":"scroll","background-type":"","background-media":"","overlay-type":"","overlay-color":"","overlay-gradient":""}},"footnotes":""},"class_list":["post-546","page","type-page","status-publish","hentry"],"yoast_head":"<!-- This site is optimized with the Yoast SEO plugin v21.9.1 - https:\/\/yoast.com\/wordpress\/plugins\/seo\/ -->\n<title>Formulaire de r\u00e9servation - Cantal Evasion<\/title>\n<meta name=\"robots\" content=\"index, follow, max-snippet:-1, max-image-preview:large, max-video-preview:-1\" \/>\n<link rel=\"canonical\" href=\"https:\/\/www.cantal-evasion.fr\/index.php\/wpbc-booking\/\" \/>\n<meta property=\"og:locale\" content=\"fr_FR\" \/>\n<meta property=\"og:type\" content=\"article\" \/>\n<meta property=\"og:title\" content=\"Formulaire de r\u00e9servation - Cantal Evasion\" \/>\n<meta property=\"og:description\" content=\"Tarifs Location 60\u20ac\/nuit Forfait m\u00e9nage 20\u20ac\/s\u00e9jour Forfait animal de compagnie 20\u20ac\/s\u00e9jour\" \/>\n<meta property=\"og:url\" content=\"https:\/\/www.cantal-evasion.fr\/index.php\/wpbc-booking\/\" \/>\n<meta property=\"og:site_name\" content=\"Cantal Evasion\" \/>\n<meta property=\"article:modified_time\" content=\"2024-10-27T17:20:12+00:00\" \/>\n<meta name=\"twitter:card\" content=\"summary_large_image\" \/>\n<meta name=\"twitter:label1\" content=\"Dur\u00e9e de lecture estim\u00e9e\" \/>\n\t<meta name=\"twitter:data1\" content=\"1 minute\" \/>\n<script type=\"application\/ld+json\" class=\"yoast-schema-graph\">{\"@context\":\"https:\/\/schema.org\",\"@graph\":[{\"@type\":\"WebPage\",\"@id\":\"https:\/\/www.cantal-evasion.fr\/index.php\/wpbc-booking\/\",\"url\":\"https:\/\/www.cantal-evasion.fr\/index.php\/wpbc-booking\/\",\"name\":\"Formulaire de r\u00e9servation - Cantal Evasion\",\"isPartOf\":{\"@id\":\"https:\/\/www.cantal-evasion.fr\/#website\"},\"datePublished\":\"2024-01-26T14:51:46+00:00\",\"dateModified\":\"2024-10-27T17:20:12+00:00\",\"breadcrumb\":{\"@id\":\"https:\/\/www.cantal-evasion.fr\/index.php\/wpbc-booking\/#breadcrumb\"},\"inLanguage\":\"fr-FR\",\"potentialAction\":[{\"@type\":\"ReadAction\",\"target\":[\"https:\/\/www.cantal-evasion.fr\/index.php\/wpbc-booking\/\"]}]},{\"@type\":\"BreadcrumbList\",\"@id\":\"https:\/\/www.cantal-evasion.fr\/index.php\/wpbc-booking\/#breadcrumb\",\"itemListElement\":[{\"@type\":\"ListItem\",\"position\":1,\"name\":\"Accueil\",\"item\":\"https:\/\/www.cantal-evasion.fr\/\"},{\"@type\":\"ListItem\",\"position\":2,\"name\":\"Formulaire de r\u00e9servation\"}]},{\"@type\":\"WebSite\",\"@id\":\"https:\/\/www.cantal-evasion.fr\/#website\",\"url\":\"https:\/\/www.cantal-evasion.fr\/\",\"name\":\"Cantal Evasion\",\"description\":\"\",\"publisher\":{\"@id\":\"https:\/\/www.cantal-evasion.fr\/#organization\"},\"potentialAction\":[{\"@type\":\"SearchAction\",\"target\":{\"@type\":\"EntryPoint\",\"urlTemplate\":\"https:\/\/www.cantal-evasion.fr\/?s={search_term_string}\"},\"query-input\":\"required name=search_term_string\"}],\"inLanguage\":\"fr-FR\"},{\"@type\":\"Organization\",\"@id\":\"https:\/\/www.cantal-evasion.fr\/#organization\",\"name\":\"Cantal Evasion\",\"url\":\"https:\/\/www.cantal-evasion.fr\/\",\"logo\":{\"@type\":\"ImageObject\",\"inLanguage\":\"fr-FR\",\"@id\":\"https:\/\/www.cantal-evasion.fr\/#\/schema\/logo\/image\/\",\"url\":\"https:\/\/www.cantal-evasion.fr\/wp-content\/uploads\/2024\/01\/cropped-IMG-20240124-WA0002.jpg\",\"contentUrl\":\"https:\/\/www.cantal-evasion.fr\/wp-content\/uploads\/2024\/01\/cropped-IMG-20240124-WA0002.jpg\",\"width\":875,\"height\":728,\"caption\":\"Cantal Evasion\"},\"image\":{\"@id\":\"https:\/\/www.cantal-evasion.fr\/#\/schema\/logo\/image\/\"}}]}<\/script>\n<!-- \/ Yoast SEO plugin. -->","yoast_head_json":{"title":"Formulaire de r\u00e9servation - Cantal Evasion","robots":{"index":"index","follow":"follow","max-snippet":"max-snippet:-1","max-image-preview":"max-image-preview:large","max-video-preview":"max-video-preview:-1"},"canonical":"https:\/\/www.cantal-evasion.fr\/index.php\/wpbc-booking\/","og_locale":"fr_FR","og_type":"article","og_title":"Formulaire de r\u00e9servation - Cantal Evasion","og_description":"Tarifs Location 60\u20ac\/nuit Forfait m\u00e9nage 20\u20ac\/s\u00e9jour Forfait animal de compagnie 20\u20ac\/s\u00e9jour","og_url":"https:\/\/www.cantal-evasion.fr\/index.php\/wpbc-booking\/","og_site_name":"Cantal Evasion","article_modified_time":"2024-10-27T17:20:12+00:00","twitter_card":"summary_large_image","twitter_misc":{"Dur\u00e9e de lecture estim\u00e9e":"1 minute"},"schema":{"@context":"https:\/\/schema.org","@graph":[{"@type":"WebPage","@id":"https:\/\/www.cantal-evasion.fr\/index.php\/wpbc-booking\/","url":"https:\/\/www.cantal-evasion.fr\/index.php\/wpbc-booking\/","name":"Formulaire de r\u00e9servation - Cantal Evasion","isPartOf":{"@id":"https:\/\/www.cantal-evasion.fr\/#website"},"datePublished":"2024-01-26T14:51:46+00:00","dateModified":"2024-10-27T17:20:12+00:00","breadcrumb":{"@id":"https:\/\/www.cantal-evasion.fr\/index.php\/wpbc-booking\/#breadcrumb"},"inLanguage":"fr-FR","potentialAction":[{"@type":"ReadAction","target":["https:\/\/www.cantal-evasion.fr\/index.php\/wpbc-booking\/"]}]},{"@type":"BreadcrumbList","@id":"https:\/\/www.cantal-evasion.fr\/index.php\/wpbc-booking\/#breadcrumb","itemListElement":[{"@type":"ListItem","position":1,"name":"Accueil","item":"https:\/\/www.cantal-evasion.fr\/"},{"@type":"ListItem","position":2,"name":"Formulaire de r\u00e9servation"}]},{"@type":"WebSite","@id":"https:\/\/www.cantal-evasion.fr\/#website","url":"https:\/\/www.cantal-evasion.fr\/","name":"Cantal Evasion","description":"","publisher":{"@id":"https:\/\/www.cantal-evasion.fr\/#organization"},"potentialAction":[{"@type":"SearchAction","target":{"@type":"EntryPoint","urlTemplate":"https:\/\/www.cantal-evasion.fr\/?s={search_term_string}"},"query-input":"required name=search_term_string"}],"inLanguage":"fr-FR"},{"@type":"Organization","@id":"https:\/\/www.cantal-evasion.fr\/#organization","name":"Cantal Evasion","url":"https:\/\/www.cantal-evasion.fr\/","logo":{"@type":"ImageObject","inLanguage":"fr-FR","@id":"https:\/\/www.cantal-evasion.fr\/#\/schema\/logo\/image\/","url":"https:\/\/www.cantal-evasion.fr\/wp-content\/uploads\/2024\/01\/cropped-IMG-20240124-WA0002.jpg","contentUrl":"https:\/\/www.cantal-evasion.fr\/wp-content\/uploads\/2024\/01\/cropped-IMG-20240124-WA0002.jpg","width":875,"height":728,"caption":"Cantal Evasion"},"image":{"@id":"https:\/\/www.cantal-evasion.fr\/#\/schema\/logo\/image\/"}}]}},"_links":{"self":[{"href":"https:\/\/www.cantal-evasion.fr\/index.php\/wp-json\/wp\/v2\/pages\/546","targetHints":{"allow":["GET"]}}],"collection":[{"href":"https:\/\/www.cantal-evasion.fr\/index.php\/wp-json\/wp\/v2\/pages"}],"about":[{"href":"https:\/\/www.cantal-evasion.fr\/index.php\/wp-json\/wp\/v2\/types\/page"}],"author":[{"embeddable":true,"href":"https:\/\/www.cantal-evasion.fr\/index.php\/wp-json\/wp\/v2\/users\/1"}],"replies":[{"embeddable":true,"href":"https:\/\/www.cantal-evasion.fr\/index.php\/wp-json\/wp\/v2\/comments?post=546"}],"version-history":[{"count":8,"href":"https:\/\/www.cantal-evasion.fr\/index.php\/wp-json\/wp\/v2\/pages\/546\/revisions"}],"predecessor-version":[{"id":727,"href":"https:\/\/www.cantal-evasion.fr\/index.php\/wp-json\/wp\/v2\/pages\/546\/revisions\/727"}],"wp:attachment":[{"href":"https:\/\/www.cantal-evasion.fr\/index.php\/wp-json\/wp\/v2\/media?parent=546"}],"curies":[{"name":"wp","href":"https:\/\/api.w.org\/{rel}","templated":true}]}}